{"id":38,"date":"2020-04-23T09:02:10","date_gmt":"2020-04-23T09:02:10","guid":{"rendered":"http:\/\/eagle-stuttgart.info\/?page_id=38"},"modified":"2025-03-10T10:07:44","modified_gmt":"2025-03-10T09:07:44","slug":"home","status":"publish","type":"page","link":"https:\/\/eagle-stuttgart.com\/","title":{"rendered":"Home"},"content":{"rendered":"\n  \n    \n    <section class=\"u-clearfix u-image u-section-2\" id=\"sec-aa91\" data-image-width=\"1280\" data-image-height=\"800\" style=\"background-image: url(&quot;https:\/\/eagle-stuttgart.com\/wp-content\/uploads\/2021\/09\/titelbild.jpg&quot;);\">\n      <div class=\"u-clearfix u-sheet u-sheet-1\"><\/div>\n    <\/section>\n    <section class=\"u-black u-clearfix u-section-3\" id=\"sec-1cb1\">\n      <div class=\"u-clearfix u-sheet u-valign-middle u-sheet-1\">\n        <div class=\"u-widget u-widget-1\" data-animation-name=\"fadeIn\" data-animation-duration=\"1000\" data-animation-delay=\"0\">\n\t\t<div class=\"widget widget_recent_entries\">\n\t\t<h2 class=\"widgettitle\">Neueste Beitr\u00e4ge<\/h2>\n\t\t<ul>\n\t\t\t\t\t\t\t\t\t\t\t<li>\n\t\t\t\t\t<a href=\"https:\/\/eagle-stuttgart.com\/?p=474\">Fr. 01. Mai Leather meets Leather<\/a>\n\t\t\t\t\t\t\t\t\t<\/li>\n\t\t\t\t\t\t\t\t\t\t\t<li>\n\t\t\t\t\t<a href=\"https:\/\/eagle-stuttgart.com\/?p=276\">13. Juni 2026 ab 21 Uhr Leather &amp; Fetish Night<\/a>\n\t\t\t\t\t\t\t\t\t<\/li>\n\t\t\t\t\t\t\t\t\t\t\t<li>\n\t\t\t\t\t<a href=\"https:\/\/eagle-stuttgart.com\/?p=47\">Der Adler hat sich gemausert<\/a>\n\t\t\t\t\t\t\t\t\t<\/li>\n\t\t\t\t\t<\/ul>\n\n\t\t<\/div><\/div>\n      <\/div>\n    <\/section>\n    <section class=\"u-black u-clearfix u-section-4\" id=\"carousel_f1d0\">\n      <div class=\"u-clearfix u-sheet u-valign-middle u-sheet-1\">\n        <div class=\"u-clearfix u-expanded-width-xs u-layout-wrap u-layout-wrap-1\">\n          <div class=\"u-layout\">\n            <div class=\"u-layout-row\">\n              <div class=\"u-container-style u-layout-cell u-left-cell u-palette-1-base u-size-30 u-layout-cell-1\">\n                <div class=\"u-container-layout u-container-layout-1\">\n                  <h2 class=\"u-text u-text-1\">DER ADLER HAT SICH GEMAUSERT<\/h2>\n                  <p class=\"u-text u-text-2\">Nach \u00fcber 30 Jahren haben wir im Januar 2020 die Traditionsbar Eagle im Stuttgarter S\u00fcden \u00fcbernommen. Nur kurz danach mussten wir dann coronabedingt die T\u00fcren zun\u00e4chst wieder schlie\u00dfen. Diese Zwangspause haben wir genutzt, um das Eagle zu modernisieren und gleichzeitig den gewohnten Charme zu erhalten.&nbsp;<u><\/u><u><\/u>\n                    <br>\n                    <br><b>Achtung: Wir sind w\u00e4hrend der Betriebszeiten online eher nicht zu erreichen.&nbsp;<\/b><u><\/u><u><\/u>\n                    <br>\n                    <br>Wir freuen uns auf Euch,&nbsp;<br>Eure Eagle Crew.<br>\n                    <br>\n                  <\/p>\n                <\/div>\n              <\/div>\n              <div class=\"u-container-style u-layout-cell u-palette-1-base u-size-1 u-layout-cell-2\">\n                <div class=\"u-container-layout u-valign-middle-sm u-container-layout-2\"><\/div>\n              <\/div>\n              <div class=\"u-container-style u-image u-layout-cell u-right-cell u-size-29 u-image-1\" data-image-width=\"1080\" data-image-height=\"1300\" style=\"background-image: url(&quot;https:\/\/eagle-stuttgart.com\/wp-content\/uploads\/2020\/04\/DSC_1063a-1.jpg&quot;);\">\n                <div class=\"u-container-layout\"><\/div>\n              <\/div>\n            <\/div>\n          <\/div>\n        <\/div>\n      <\/div>\n    <\/section>\n    <section class=\"u-black u-clearfix u-section-5\" id=\"sec-b8f3\">\n      <div class=\"u-clearfix u-sheet u-sheet-1\">\n        <div class=\"u-clearfix u-expanded-width u-layout-wrap u-layout-wrap-1\">\n          <div class=\"u-layout\">\n            <div class=\"u-layout-row\">\n              <div class=\"u-container-style u-layout-cell u-left-cell u-size-18 u-layout-cell-1\">\n                <div class=\"u-container-layout u-container-layout-1\">\n                  <h2 class=\"u-text u-text-palette-1-base u-text-1\">THE EAGLE HAS MOULTED<\/h2>\n                <\/div>\n              <\/div>\n              <div class=\"u-container-style u-layout-cell u-right-cell u-size-42 u-layout-cell-2\">\n                <div class=\"u-container-layout u-container-layout-2\">\n                  <p class=\"u-text u-text-2\">In January, 2020, after more than 30 years, we took over the legendary bar Eagle in Stuttgart's south. Only a short time later, we were forced to close the doors again due to Corona. We used this period to modernise the Eagle and at the same time maintain its familiar charm.<u><\/u><u><\/u>\n                    <br>\n                    <br>Please note: We may not be available online during business hours.<u><\/u><u><\/u>\n                    <br><u><\/u>&nbsp;<br>We look forward to welcoming you.<u><\/u><u><\/u>\n                    <br><u><\/u>&nbsp;<u><\/u>\n                    <br>Your Eagle Crew.\n                  <\/p>\n                <\/div>\n              <\/div>\n            <\/div>\n          <\/div>\n        <\/div>\n      <\/div>\n    <\/section>\n    <section class=\"u-black u-clearfix u-section-6\" id=\"sec-79e5\">\n      <div class=\"u-clearfix u-sheet u-sheet-1\">\n        <div class=\"u-clearfix u-expanded-width-xs u-gutter-20 u-layout-wrap u-layout-wrap-1\">\n          <div class=\"u-layout\">\n            <div class=\"u-layout-row\">\n              <div class=\"u-size-12 u-size-20-md\">\n                <div class=\"u-layout-col\">\n                  <div class=\"u-size-30\">\n                    <div class=\"u-layout-row\">\n                      <div class=\"u-container-style u-layout-cell u-left-cell u-size-60 u-layout-cell-1\">\n                        <div class=\"u-container-layout\"><\/div>\n                      <\/div>\n                    <\/div>\n                  <\/div>\n                  <div class=\"u-size-30\">\n                    <div class=\"u-layout-row\">\n                      <div class=\"u-container-style u-layout-cell u-left-cell u-size-60 u-layout-cell-2\">\n                        <div class=\"u-container-layout\">\n                          <img decoding=\"async\" class=\"u-expanded-height-lg u-expanded-height-xl u-expanded-width-xs u-image u-image-1\" src=\"https:\/\/eagle-stuttgart.com\/wp-content\/uploads\/2020\/04\/DSC_1013a-1.jpg\" data-image-width=\"1980\" data-image-height=\"1317\">\n                        <\/div>\n                      <\/div>\n                    <\/div>\n                  <\/div>\n                <\/div>\n              <\/div>\n              <div class=\"u-size-24 u-size-40-md\">\n                <div class=\"u-layout-col\">\n                  <div class=\"u-container-style u-layout-cell u-size-60 u-layout-cell-3\">\n                    <div class=\"u-container-layout u-valign-middle-lg u-valign-middle-md u-valign-middle-sm u-valign-middle-xl u-container-layout-3\">\n                      <h1 class=\"u-align-center-xs u-heading-font u-text u-text-palette-1-base u-title u-text-1\">EAGLE<\/h1>\n                    <\/div>\n                  <\/div>\n                <\/div>\n              <\/div>\n              <div class=\"u-size-24 u-size-60-md\">\n                <div class=\"u-layout-col\">\n                  <div class=\"u-size-30\">\n                    <div class=\"u-layout-row\">\n                      <div class=\"u-container-style u-layout-cell u-right-cell u-size-60 u-layout-cell-4\">\n                        <div class=\"u-container-layout\">\n                          <img decoding=\"async\" class=\"u-image u-image-2\" src=\"https:\/\/eagle-stuttgart.com\/wp-content\/uploads\/2020\/04\/bier-1.jpg\" data-image-width=\"1080\" data-image-height=\"1080\">\n                        <\/div>\n                      <\/div>\n                    <\/div>\n                  <\/div>\n                  <div class=\"u-size-30\">\n                    <div class=\"u-layout-col\">\n                      <div class=\"u-container-style u-image u-layout-cell u-right-cell u-size-60 u-image-3\" data-image-width=\"1200\" data-image-height=\"1600\" style=\"background-image: url(&quot;https:\/\/eagle-stuttgart.com\/wp-content\/uploads\/2020\/07\/IMG-20200609-WA0003.jpg&quot;);\">\n                        <div class=\"u-container-layout\"><\/div>\n                      <\/div>\n                    <\/div>\n                  <\/div>\n                <\/div>\n              <\/div>\n            <\/div>\n          <\/div>\n        <\/div>\n        <img decoding=\"async\" class=\"u-image u-image-4\" src=\"https:\/\/eagle-stuttgart.com\/wp-content\/uploads\/2020\/07\/IMG-20200609-WA0005.jpg\" data-image-width=\"798\" data-image-height=\"798\">\n      <\/div>\n    <\/section>\n    <section class=\"u-black u-clearfix u-section-7\" id=\"carousel_2e15\">\n      <div class=\"u-clearfix u-sheet u-sheet-1\">\n        <div class=\"u-clearfix u-expanded-width u-layout-wrap u-layout-wrap-1\">\n          <div class=\"u-layout\">\n            <div class=\"u-layout-row\">\n              <div class=\"u-container-style u-layout-cell u-left-cell u-size-30 u-layout-cell-1\">\n                <div class=\"u-container-layout u-valign-middle u-container-layout-1\">\n                  <h2 class=\"u-text u-text-palette-1-base u-text-1\">HERZLICH WILLKOMMEN IM EAGLE STUTTGART!<\/h2>\n                <\/div>\n              <\/div>\n              <div class=\"u-container-style u-layout-cell u-right-cell u-size-30 u-layout-cell-2\">\n                <div class=\"u-container-layout u-container-layout-2\">\n                  <p class=\"u-text u-text-2\">Seit vielen Jahrzehnten ist das EAGLE Clublokal des Lederclub Stuttgart e.V. und eine \u201cInstitution\u201c, ohne die wir uns Stuttgart nicht mehr vorstellen k\u00f6nnen. <br>Viele unserer Veranstaltungen wurden und werden im Eagle abgehalten, z.B. das internationale Maitreffen, Charity-Events zugunsten der Aidshilfe oder seit \u00fcber 20 Jahren die monatliche \u201cBlack Leather Night\u201c welche heute mit zu den erfolgreichsten Veranstaltungsangeboten des EAGLE z\u00e4hlt. <br>Das EAGLE ist dabei aber weit mehr als eine Party-Location. Von Anfang an beteiligten sich das EAGLE-Team und der LC an Pr\u00e4ventions- und Aufkl\u00e4rungsarbeit. Es war und ist es die erste Adresse f\u00fcr Leder- und Fetisch-Freunde in S\u00fcddeutschland. Information, ein Rat in verschiedenen Situationen, Hilfe, ein nettes Wort und eine offene, herzliche Atmosph\u00e4re, das alles ist das EAGLE, das Clublokal des LC Stuttgart e.V. in dem man sich wohl f\u00fchlt. <br>\n                    <br>Holger Gl\u00fcck <br>\n                    <br>1. Vorsitzender des LC Stuttgart e.V.\n                  <\/p>\n                <\/div>\n              <\/div>\n            <\/div>\n          <\/div>\n        <\/div>\n      <\/div>\n    <\/section>\n    <section class=\"u-black u-clearfix u-section-8\" id=\"carousel_4d18\">\n      <div class=\"u-clearfix u-sheet u-sheet-1\">\n        <div class=\"u-clearfix u-expanded-width-xs u-layout-wrap u-layout-wrap-1\">\n          <div class=\"u-layout\">\n            <div class=\"u-layout-row\">\n              <div class=\"u-container-style u-image u-layout-cell u-right-cell u-size-29 u-image-1\" data-image-width=\"465\" data-image-height=\"800\" style=\"background-image: url(&quot;https:\/\/eagle-stuttgart.com\/wp-content\/uploads\/2020\/04\/DSC_1048a-1.jpg&quot;);\">\n                <div class=\"u-container-layout\"><\/div>\n              <\/div>\n              <div class=\"u-container-style u-layout-cell u-palette-1-base u-size-1 u-layout-cell-2\">\n                <div class=\"u-container-layout u-valign-middle-sm u-container-layout-2\"><\/div>\n              <\/div>\n              <div class=\"u-container-style u-layout-cell u-left-cell u-palette-1-base u-size-30 u-layout-cell-3\">\n                <div class=\"u-container-layout u-container-layout-3\">\n                  <h2 class=\"u-text u-text-1\">WELCOME TO EAGLE STUTTGART<\/h2>\n                  <p class=\"u-text u-text-2\">For many decades,&nbsp;EAGLE&nbsp;has been the club location of the Lederclub Stuttgart e.V. and an \"institution\" without which we can no longer imagine Stuttgart.<u><\/u><u><\/u>\n                    <br>&nbsp;<u><\/u><u><\/u>\n                    <br>Many of our events were and are held at&nbsp;Eagle, e.g. the international May meeting (Maitreffen), charity events for the benefit of the Aids Association (Aidshilfe) and for over 20 years the monthly \"Black Leather Night\" which is today one of the most successful events at&nbsp;EAGLE.<u><\/u><u><\/u>\n                    <br>&nbsp;<u><\/u><u><\/u>\n                    <br>But&nbsp;EAGLE&nbsp;is much more than just a party location. From the beginning, the&nbsp;EAGLE&nbsp;team and the LC have been involved in activities related to prevention and awareness. It was and is the first address for leather and fetish lovers in Southern Germany. Information, advice on different situations, help, a kind word and an open, friendly atmosphere. All of this is&nbsp;EAGLE, the club location of the LC Stuttgart e.V. where you can feel at home.<u><\/u><u><\/u>\n                    <br>&nbsp;<u><\/u><u><\/u>\n                    <br>Holger Gl\u00fcck<u><\/u><u><\/u>\n                    <br>First Chairman of the LC Stuttgart e.V.<br>\n                    <br>\n                  <\/p>\n                <\/div>\n              <\/div>\n            <\/div>\n          <\/div>\n        <\/div>\n      <\/div>\n    <\/section>\n    <section class=\"u-black u-clearfix u-section-9\" id=\"carousel_01b1\">\n      <div class=\"u-clearfix u-sheet u-sheet-1\">\n        <div class=\"u-clearfix u-expanded-width u-layout-wrap u-layout-wrap-1\">\n          <div class=\"u-layout\">\n            <div class=\"u-layout-row\">\n              <div class=\"u-container-style u-layout-cell u-left-cell u-size-30 u-layout-cell-1\">\n                <div class=\"u-container-layout\">\n                  <img decoding=\"async\" class=\"u-image u-image-1\" src=\"https:\/\/eagle-stuttgart.com\/wp-content\/uploads\/2020\/04\/drinking-1.jpg\" data-image-width=\"1080\" data-image-height=\"1080\">\n                  <h2 class=\"u-text u-text-palette-1-base u-text-1\" data-animation-name=\"bounceIn\" data-animation-duration=\"5000\" data-animation-delay=\"0\" data-animation-direction=\"\">GESELLIGKEIT. FREMDE. FREUNDE. ERLEBNIS.<br>EAGLE. \n                  <\/h2>\n                <\/div>\n              <\/div>\n              <div class=\"u-container-style u-image u-layout-cell u-right-cell u-size-30 u-image-2\" data-image-width=\"1600\" data-image-height=\"1566\" style=\"background-image: url(&quot;https:\/\/eagle-stuttgart.com\/wp-content\/uploads\/2020\/06\/101577971_3175068315891396_2681749207068442624_o.jpg&quot;);\">\n                <div class=\"u-container-layout\"><\/div>\n              <\/div>\n            <\/div>\n          <\/div>\n        <\/div>\n      <\/div>\n    <\/section>\n    <section class=\"u-clearfix u-image u-section-10\" id=\"sec-c96e\" data-image-width=\"1980\" data-image-height=\"1317\" style=\"background-image: url(&quot;https:\/\/eagle-stuttgart.com\/wp-content\/uploads\/2020\/04\/DSC_1013a-1.jpg&quot;);\">\n      <div class=\"u-clearfix u-sheet u-sheet-1\">\n        <img decoding=\"async\" src=\"https:\/\/eagle-stuttgart.com\/wp-content\/uploads\/2024\/02\/weiss.svg\" alt=\"\" class=\"u-image u-image-default u-image-1\" data-image-width=\"1\" data-image-height=\"1\">\n      <\/div>\n    <\/section>\n    <section class=\"u-black u-clearfix u-section-11\" id=\"sec-b64e\">\n      <div class=\"u-clearfix u-sheet u-sheet-1\">\n        <h1 class=\"u-heading-font u-text u-title u-text-1\">\u00d6ffnungszeiten<\/h1>\n        <div class=\"data-layout-selected u-clearfix u-expanded-width u-gutter-8 u-layout-wrap u-palette-1-base u-layout-wrap-1\">\n          <div class=\"u-gutter-0 u-layout\">\n            <div class=\"u-layout-row\">\n              <div class=\"u-align-center-sm u-align-center-xs u-container-style u-layout-cell u-left-cell u-palette-1-base u-size-15 u-layout-cell-1\" data-animation-name=\"fadeIn\" data-animation-duration=\"1000\" data-animation-delay=\"0\" data-animation-direction=\"\">\n                <div class=\"u-container-layout u-container-layout-1\">\n                  <h1 class=\"u-align-center-lg u-align-center-md u-align-center-xl u-text u-text-2\">Dienstag<\/h1>\n                  <h5 class=\"u-align-center-lg u-align-center-md u-align-center-xl u-text u-text-3\">20 - 1 Uhr<\/h5>\n                <\/div>\n              <\/div>\n              <div class=\"cell-temp-clone u-align-center-sm u-align-center-xs u-container-style u-layout-cell u-left-cell u-palette-1-base u-size-15 u-layout-cell-2\" data-animation-name=\"fadeIn\" data-animation-duration=\"1000\" data-animation-delay=\"0\" data-animation-direction=\"\">\n                <div class=\"u-container-layout u-container-layout-2\">\n                  <h1 class=\"u-align-center-lg u-align-center-md u-align-center-xl u-text u-text-4\">Donnerstag<\/h1>\n                  <h5 class=\"u-align-center-lg u-align-center-md u-align-center-xl u-text u-text-5\">20 - 1 Uhr<\/h5>\n                <\/div>\n              <\/div>\n              <div class=\"u-align-center-lg u-align-center-sm u-align-center-xl u-align-center-xs u-container-style u-layout-cell u-palette-1-base u-size-15 u-layout-cell-3\" data-animation-name=\"fadeIn\" data-animation-duration=\"1000\" data-animation-delay=\"750\" data-animation-direction=\"\">\n                <div class=\"u-container-layout u-container-layout-3\">\n                  <h1 class=\"u-align-center-md u-text u-text-6\">Freitag<\/h1>\n                  <h5 class=\"u-align-center-md u-text u-text-7\">21 - 2 Uhr<\/h5>\n                <\/div>\n              <\/div>\n              <div class=\"u-container-style u-layout-cell u-palette-1-base u-size-15 u-layout-cell-4\">\n                <div class=\"u-container-layout u-valign-top u-container-layout-4\">\n                  <h1 class=\"u-align-center-lg u-align-center-md u-align-center-xl u-text u-text-8\">Samstag<\/h1>\n                  <h5 class=\"u-align-center-lg u-align-center-md u-align-center-xl u-text u-text-9\">21 - 2 Uhr<\/h5>\n                <\/div>\n              <\/div>\n            <\/div>\n          <\/div>\n        <\/div>\n      <\/div>\n    <\/section>\n    <section class=\"u-black u-clearfix u-section-12\" id=\"carousel_c5b5\">\n      <div class=\"u-clearfix u-layout-wrap u-layout-wrap-1\">\n        <div class=\"u-layout\">\n          <div class=\"u-layout-row\">\n            <div class=\"u-container-style u-layout-cell u-left-cell u-size-30 u-layout-cell-1\">\n              <div class=\"u-container-layout\">\n                <div class=\"u-absolute-hcenter u-expanded u-grey-light-2 u-map\">\n                  <div class=\"embed-responsive\">\n                    <iframe class=\"embed-responsive-item\" src=\"\/\/maps.google.com\/maps?output=embed&amp;q=Eagle%20Stuttgart&amp;z=15&amp;t=m\" data-map=\"JTdCJTIyYWRkcmVzcyUyMiUzQSUyMkVhZ2xlJTIwU3R1dHRnYXJ0JTIyJTJDJTIyem9vbSUyMiUzQTE1JTJDJTIydHlwZUlkJTIyJTNBJTIycm9hZCUyMiUyQyUyMmxhbmclMjIlM0ElMjIlMjIlN0Q=\"><\/iframe>\n                  <\/div>\n                <\/div>\n              <\/div>\n            <\/div>\n            <div class=\"u-container-style u-layout-cell u-right-cell u-size-30 u-layout-cell-2\">\n              <div class=\"u-container-layout\">\n                <div class=\"u-social-icons u-spacing-42 u-social-icons-1\">\n                  <a class=\"u-social-url\" target=\"_blank\" href=\"https:\/\/facebook.com\/EAGLE-Stuttgart-2138273166237588\"><span class=\"u-icon u-icon-circle u-social-facebook u-social-icon u-icon-1\"><svg class=\"u-svg-link\" preserveAspectRatio=\"xMidYMin slice\" viewBox=\"0 0 112 112\" style=\"\"><use xlink:href=\"#svg-e63e\"><\/use><\/svg><svg xmlns=\"http:\/\/www.w3.org\/2000\/svg\" xmlns:xlink=\"http:\/\/www.w3.org\/1999\/xlink\" version=\"1.1\" xml:space=\"preserve\" class=\"u-svg-content\" viewBox=\"0 0 112 112\" x=\"0px\" y=\"0px\" id=\"svg-e63e\"><path d=\"M75.5,28.8H65.4c-1.5,0-4,0.9-4,4.3v9.4h13.9l-1.5,15.8H61.4v45.1H42.8V58.3h-8.8V42.4h8.8V32.2 c0-7.4,3.4-18.8,18.8-18.8h13.8v15.4H75.5z\"><\/path><\/svg><\/span>\n                  <\/a>\n                  <a class=\"u-social-url\" target=\"_blank\" href=\"https:\/\/www.instagram.com\/eagle_stuttgart\"><span class=\"u-icon u-icon-circle u-social-icon u-social-instagram u-icon-2\"><svg class=\"u-svg-link\" preserveAspectRatio=\"xMidYMin slice\" viewBox=\"0 0 112 112\" style=\"\"><use xlink:href=\"#svg-3246\"><\/use><\/svg><svg xmlns=\"http:\/\/www.w3.org\/2000\/svg\" xmlns:xlink=\"http:\/\/www.w3.org\/1999\/xlink\" version=\"1.1\" xml:space=\"preserve\" class=\"u-svg-content\" viewBox=\"0 0 112 112\" x=\"0px\" y=\"0px\" id=\"svg-3246\"><path d=\"M55.9,32.9c-12.8,0-23.2,10.4-23.2,23.2s10.4,23.2,23.2,23.2s23.2-10.4,23.2-23.2S68.7,32.9,55.9,32.9z M55.9,69.4c-7.4,0-13.3-6-13.3-13.3c-0.1-7.4,6-13.3,13.3-13.3s13.3,6,13.3,13.3C69.3,63.5,63.3,69.4,55.9,69.4z\"><\/path><path d=\"M79.7,26.8c-3,0-5.4,2.5-5.4,5.4s2.5,5.4,5.4,5.4c3,0,5.4-2.5,5.4-5.4S82.7,26.8,79.7,26.8z\"><\/path><path d=\"M78.2,11H33.5C21,11,10.8,21.3,10.8,33.7v44.7c0,12.6,10.2,22.8,22.7,22.8h44.7c12.6,0,22.7-10.2,22.7-22.7 V33.7C100.8,21.1,90.6,11,78.2,11z M91,78.4c0,7.1-5.8,12.8-12.8,12.8H33.5c-7.1,0-12.8-5.8-12.8-12.8V33.7 c0-7.1,5.8-12.8,12.8-12.8h44.7c7.1,0,12.8,5.8,12.8,12.8V78.4z\"><\/path><\/svg><\/span>\n                  <\/a>\n                <\/div>\n                <p class=\"u-text u-text-1\">EAGLE STUTTGART&nbsp; &nbsp; &nbsp; &nbsp; &nbsp; &nbsp; &nbsp; &nbsp; &nbsp; &nbsp; &nbsp; &nbsp; &nbsp; &nbsp; &nbsp; &nbsp; &nbsp; &nbsp;<br>Mozartstra\u00dfe 51&nbsp; &nbsp; &nbsp; &nbsp; &nbsp; &nbsp; &nbsp; &nbsp; &nbsp; &nbsp; &nbsp; &nbsp; &nbsp; &nbsp; &nbsp; &nbsp; &nbsp; &nbsp;&nbsp;<br>70180 Stuttgart&nbsp; &nbsp; &nbsp; &nbsp; &nbsp; &nbsp; &nbsp; &nbsp; &nbsp; &nbsp; &nbsp; &nbsp; &nbsp; &nbsp; &nbsp; &nbsp; &nbsp; &nbsp;&nbsp;<br>T: 0711 6406183<br>E: info@eagle-stuttgart.com<br>\n                <\/p>\n              <\/div>\n            <\/div>\n          <\/div>\n        <\/div>\n      <\/div>\n      <h1 class=\"u-align-center-lg u-align-center-md u-align-center-sm u-align-center-xl u-align-right-xs u-text u-text-palette-1-base u-text-2\">K<br>O<br>N<br>T<br>A<br>K<br>T \n      <\/h1>\n    <\/section>\n    \n    \n    \n  \n","protected":false},"excerpt":{"rendered":"<p>Neueste Beitr\u00e4ge Fr. 01. Mai Leather meets Leather 13. Juni 2026 ab 21 Uhr Leather &amp; Fetish Night Der Adler hat sich gemausert DER ADLER HAT SICH GEMAUSERT Nach \u00fcber &hellip; <a href=\"https:\/\/eagle-stuttgart.com\/\" class=\"more-link\">Continue reading<span class=\"screen-reader-text\"> &#8222;Home&#8220;<\/span><\/a><\/p>\n","protected":false},"author":1,"featured_media":0,"parent":0,"menu_order":1,"comment_status":"closed","ping_status":"closed","template":"","meta":{"footnotes":""},"class_list":["post-38","page","type-page","status-publish","hentry"],"_links":{"self":[{"href":"https:\/\/eagle-stuttgart.com\/index.php?rest_route=\/wp\/v2\/pages\/38","targetHints":{"allow":["GET"]}}],"collection":[{"href":"https:\/\/eagle-stuttgart.com\/index.php?rest_route=\/wp\/v2\/pages"}],"about":[{"href":"https:\/\/eagle-stuttgart.com\/index.php?rest_route=\/wp\/v2\/types\/page"}],"author":[{"embeddable":true,"href":"https:\/\/eagle-stuttgart.com\/index.php?rest_route=\/wp\/v2\/users\/1"}],"replies":[{"embeddable":true,"href":"https:\/\/eagle-stuttgart.com\/index.php?rest_route=%2Fwp%2Fv2%2Fcomments&post=38"}],"version-history":[{"count":57,"href":"https:\/\/eagle-stuttgart.com\/index.php?rest_route=\/wp\/v2\/pages\/38\/revisions"}],"predecessor-version":[{"id":400,"href":"https:\/\/eagle-stuttgart.com\/index.php?rest_route=\/wp\/v2\/pages\/38\/revisions\/400"}],"wp:attachment":[{"href":"https:\/\/eagle-stuttgart.com\/index.php?rest_route=%2Fwp%2Fv2%2Fmedia&parent=38"}],"curies":[{"name":"wp","href":"https:\/\/api.w.org\/{rel}","templated":true}]}}